{"id":997,"date":"2026-03-16T23:50:28","date_gmt":"2026-03-16T22:50:28","guid":{"rendered":"http:\/\/hurralab.net\/universoaverroes\/?page_id=997"},"modified":"2026-03-23T01:42:37","modified_gmt":"2026-03-23T00:42:37","slug":"la-palabra-encendida","status":"publish","type":"page","link":"https:\/\/hurralab.net\/universoaverroes\/index.php\/la-palabra-encendida\/","title":{"rendered":"La palabra encendida"},"content":{"rendered":"<p>[et_pb_section fb_built=\u00bb1&#8243; fullwidth=\u00bbon\u00bb _builder_version=\u00bb4.27.6&#8243; background_color=\u00bb#f3b176&#8243; background_image=\u00bbhttps:\/\/hurralab.net\/universoaverroes\/wp-content\/uploads\/2026\/03\/cabecera-3.png\u00bb background_size=\u00bbcustom\u00bb background_image_width=\u00bb56%\u00bb background_image_height=\u00bb0%\u00bb background_position=\u00bbcenter_right\u00bb background_horizontal_offset=\u00bb0%\u00bb background_blend=\u00bbmultiply\u00bb global_module=\u00bb218&#8243; global_colors_info=\u00bb{}\u00bb][et_pb_fullwidth_header title=\u00bb@ET-DC@eyJkeW5hbWljIjp0cnVlLCJjb250ZW50IjoicG9zdF90aXRsZSIsInNldHRpbmdzIjp7ImJlZm9yZSI6IiIsImFmdGVyIjoiIn19@\u00bb subhead=\u00bbUNIVERSO AVERROES \u00bb content_max_width=\u00bbnone\u00bb _builder_version=\u00bb4.27.6&#8243; _dynamic_attributes=\u00bbtitle\u00bb title_text_color=\u00bb#ffffff\u00bb subhead_font=\u00bb|600|||||||\u00bb subhead_text_color=\u00bb#FFFFFF\u00bb subhead_letter_spacing=\u00bb2px\u00bb background_color=\u00bbrgba(255, 255, 255, 0)\u00bb global_colors_info=\u00bb{}\u00bb button_one_text_size__hover_enabled=\u00bboff\u00bb button_two_text_size__hover_enabled=\u00bboff\u00bb button_one_text_color__hover_enabled=\u00bboff\u00bb button_two_text_color__hover_enabled=\u00bboff\u00bb button_one_border_width__hover_enabled=\u00bboff\u00bb button_two_border_width__hover_enabled=\u00bboff\u00bb button_one_border_color__hover_enabled=\u00bboff\u00bb button_two_border_color__hover_enabled=\u00bboff\u00bb button_one_border_radius__hover_enabled=\u00bboff\u00bb button_two_border_radius__hover_enabled=\u00bboff\u00bb button_one_letter_spacing__hover_enabled=\u00bboff\u00bb button_two_letter_spacing__hover_enabled=\u00bboff\u00bb button_one_bg_color__hover_enabled=\u00bboff\u00bb button_two_bg_color__hover_enabled=\u00bboff\u00bb][\/et_pb_fullwidth_header][\/et_pb_section][et_pb_section fb_built=\u00bb1&#8243; _builder_version=\u00bb4.27.6&#8243; _module_preset=\u00bbdefault\u00bb global_colors_info=\u00bb{}\u00bb][et_pb_row _builder_version=\u00bb4.27.6&#8243; _module_preset=\u00bbdefault\u00bb global_colors_info=\u00bb{}\u00bb][et_pb_column type=\u00bb4_4&#8243; _builder_version=\u00bb4.27.6&#8243; _module_preset=\u00bbdefault\u00bb global_colors_info=\u00bb{}\u00bb][et_pb_image src=\u00bbhttps:\/\/hurralab.net\/universoaverroes\/wp-content\/uploads\/2026\/03\/4_b_BANNER-WEB-CULTURA-1903-X-742-scaled.jpg\u00bb title_text=\u00bb4_b_BANNER WEB CULTURA 1903 X 742&#8243; _builder_version=\u00bb4.27.6&#8243; _module_preset=\u00bbdefault\u00bb global_colors_info=\u00bb{}\u00bb][\/et_pb_image][\/et_pb_column][\/et_pb_row][\/et_pb_section][et_pb_section fb_built=\u00bb1&#8243; _builder_version=\u00bb4.27.6&#8243; _module_preset=\u00bbdefault\u00bb global_colors_info=\u00bb{}\u00bb][et_pb_row column_structure=\u00bb1_3,2_3&#8243; _builder_version=\u00bb4.27.6&#8243; _module_preset=\u00bbdefault\u00bb global_colors_info=\u00bb{}\u00bb][et_pb_column type=\u00bb1_3&#8243; _builder_version=\u00bb4.27.6&#8243; _module_preset=\u00bbdefault\u00bb global_colors_info=\u00bb{}\u00bb][et_pb_text _builder_version=\u00bb4.27.6&#8243; _module_preset=\u00bbdefault\u00bb text_letter_spacing=\u00bb2px\u00bb custom_margin=\u00bb||12px|||\u00bb animation_style=\u00bbslide\u00bb animation_direction=\u00bbleft\u00bb animation_duration=\u00bb1200ms\u00bb global_colors_info=\u00bb{}\u00bb]<\/p>\n<p>CICLO DE CONFERENCIAS<\/p>\n<p>[\/et_pb_text][et_pb_divider _builder_version=\u00bb4.27.6&#8243; _module_preset=\u00bbdefault\u00bb custom_margin=\u00bb||0px||false|false\u00bb animation_style=\u00bbslide\u00bb animation_direction=\u00bbleft\u00bb animation_duration=\u00bb1300ms\u00bb global_colors_info=\u00bb{}\u00bb][\/et_pb_divider][et_pb_text _builder_version=\u00bb4.27.6&#8243; _module_preset=\u00bbdefault\u00bb header_3_line_height=\u00bb1.3em\u00bb custom_margin=\u00bb||12px|||\u00bb animation_style=\u00bbslide\u00bb animation_direction=\u00bbleft\u00bb animation_duration=\u00bb1350ms\u00bb global_colors_info=\u00bb{}\u00bb]<\/p>\n<h3><strong>LA PALABRA ENCENDIDA. Averroes: puente, raz\u00f3n y ciudad<\/strong><\/h3>\n<p>[\/et_pb_text][et_pb_divider _builder_version=\u00bb4.27.6&#8243; _module_preset=\u00bbdefault\u00bb custom_margin=\u00bb||0px||false|false\u00bb animation_style=\u00bbslide\u00bb animation_direction=\u00bbleft\u00bb animation_duration=\u00bb1400ms\u00bb global_colors_info=\u00bb{}\u00bb][\/et_pb_divider][et_pb_text _builder_version=\u00bb4.27.6&#8243; _module_preset=\u00bbdefault\u00bb custom_margin=\u00bb||12px|||\u00bb animation_style=\u00bbslide\u00bb animation_direction=\u00bbleft\u00bb animation_duration=\u00bb1450ms\u00bb global_colors_info=\u00bb{}\u00bb]<\/p>\n<p>Del 3 al 5 de marzo de 2026<\/p>\n<p>[\/et_pb_text][et_pb_divider _builder_version=\u00bb4.27.6&#8243; _module_preset=\u00bbdefault\u00bb custom_margin=\u00bb||0px||false|false\u00bb animation_style=\u00bbslide\u00bb animation_direction=\u00bbleft\u00bb animation_duration=\u00bb1500ms\u00bb global_colors_info=\u00bb{}\u00bb][\/et_pb_divider][et_pb_text _builder_version=\u00bb4.27.6&#8243; _module_preset=\u00bbdefault\u00bb custom_margin=\u00bb||12px|||\u00bb animation_style=\u00bbslide\u00bb animation_direction=\u00bbleft\u00bb animation_duration=\u00bb1550ms\u00bb hover_enabled=\u00bb0&#8243; global_colors_info=\u00bb{}\u00bb sticky_enabled=\u00bb0&#8243;]<strong>SAL\u00d3N DE ACTOS DE KUTXABANK<\/strong>[\/et_pb_text][et_pb_text _builder_version=\u00bb4.27.6&#8243; _module_preset=\u00bbdefault\u00bb custom_margin=\u00bb||12px|||\u00bb animation_style=\u00bbslide\u00bb animation_direction=\u00bbleft\u00bb animation_duration=\u00bb1600ms\u00bb hover_enabled=\u00bb0&#8243; global_colors_info=\u00bb{}\u00bb sticky_enabled=\u00bb0&#8243;]Av. del Gran Capit\u00e1n, 13, 14008 C\u00f3rdoba[\/et_pb_text][et_pb_divider _builder_version=\u00bb4.27.6&#8243; _module_preset=\u00bbdefault\u00bb custom_margin=\u00bb||0px||false|false\u00bb animation_style=\u00bbslide\u00bb animation_direction=\u00bbleft\u00bb animation_duration=\u00bb1650ms\u00bb global_colors_info=\u00bb{}\u00bb][\/et_pb_divider][et_pb_text _builder_version=\u00bb4.27.6&#8243; _module_preset=\u00bbdefault\u00bb custom_margin=\u00bb||12px|||\u00bb animation_style=\u00bbslide\u00bb animation_direction=\u00bbleft\u00bb animation_duration=\u00bb1700ms\u00bb global_colors_info=\u00bb{}\u00bb]19:30 h.[\/et_pb_text][et_pb_divider _builder_version=\u00bb4.27.6&#8243; _module_preset=\u00bbdefault\u00bb custom_margin=\u00bb||0px||false|false\u00bb animation_style=\u00bbslide\u00bb animation_direction=\u00bbleft\u00bb animation_duration=\u00bb1950ms\u00bb global_colors_info=\u00bb{}\u00bb][\/et_pb_divider][\/et_pb_column][et_pb_column type=\u00bb2_3&#8243; _builder_version=\u00bb4.27.6&#8243; _module_preset=\u00bbdefault\u00bb global_colors_info=\u00bb{}\u00bb][et_pb_text _builder_version=\u00bb4.27.6&#8243; _module_preset=\u00bbdefault\u00bb header_2_font=\u00bb|600|||||||\u00bb header_2_text_color=\u00bb#f3933f\u00bb header_2_font_size=\u00bb27px\u00bb header_3_font=\u00bb|600|||||||\u00bb header_3_text_color=\u00bb#636363&#8243; header_4_font=\u00bb|600|||||||\u00bb header_4_font_size=\u00bb20px\u00bb header_5_font=\u00bb|600|||||||\u00bb header_5_font_size=\u00bb22px\u00bb header_6_font_size=\u00bb22px\u00bb animation_style=\u00bbslide\u00bb animation_direction=\u00bbright\u00bb animation_duration=\u00bb1850ms\u00bb global_colors_info=\u00bb{}\u00bb]<\/p>\n<p>Organiza: Ayuntamiento de C\u00f3rdoba. Delegaci\u00f3n de Cultura y Patrimonio Hist\u00f3rico<br \/>Colabora: Junta de Andaluc\u00eda, Diputaci\u00f3n, UCO, Casa \u00c1rabe y Kutxabank<\/p>\n<p>&nbsp;<\/p>\n<p>La tercera edici\u00f3n del ciclo literario \u201cLa Palabra Encendida\u201d nos lleva al acercamiento y reflexi\u00f3n sobre el contexto hist\u00f3rico y la vigencia del pensamiento de Averroes, una de las figuras m\u00e1s influyentes de la filosof\u00eda universal del que conmemoramos el IX centenario de su nacimiento.<\/p>\n<p>Un viaje vibrante por tres citas divulgativas en formatos cercanos, protagonizados por destacadas figuras intelectuales y literarias del pa\u00eds. En ellas descubriremos por qu\u00e9 la mirada de Averroes sigue inspirando e iluminando nuestro presente.<\/p>\n<p>Bajo el lema <strong><em>Averroes: puente, raz\u00f3n y ciudad<\/em><\/strong>, se presenta un encuentro especialmente sugerente que re\u00fane a los m\u00e1s destacados autores de novela hist\u00f3rica, el Catedr\u00e1tico de Historia Medieval Jos\u00e9 Luis Corral y el escritor Jes\u00fas S\u00e1nchez Adalid, adem\u00e1s de editores, escritores e intelectuales como Sebasti\u00e1n de la Obra y Manuel Pimentel. Todos ellos son conducidos por autoras y profesionales de la comunicaci\u00f3n cultural -Matilde Cabello, Mar Rodr\u00edguez Vacas y Mar\u00eda Jos\u00e9 Mart\u00ednez-, bajo la coordinaci\u00f3n de la historiadora y escritora Virginia Luque.<\/p>\n<p>El ciclo lo abre el profesor Jos\u00e9 Luis Corral adentr\u00e1ndonos en la significaci\u00f3n universal y trascendencia de Averroes desde el islam al cristianismo.<\/p>\n<p>A trav\u00e9s de un debate excepcional, Sebasti\u00e1n de la Obra y Manuel Pimentel analizar\u00e1n a Averroes y Maim\u00f3nides como modelos \u00e9ticos en momentos convulsos. Dos br\u00fajulas necesarias para pensar con claridad en tiempos de ruido y desinformaci\u00f3n.<\/p>\n<p>El broche del ciclo lo cierra el galardonado escritor Jes\u00fas S\u00e1nchez Adalid que se adentrar\u00e1 a la ciudad y al complejo siglo XII en el que vivi\u00f3 nuestro personaje.<\/p>\n<h2><\/h2>\n<h2>Programa:<\/h2>\n<h3><strong>Martes, 3 de marzo<\/strong><\/h3>\n<h4>Conferencia <strong>\u201cAverroes. Puente entre el islam y la cristiandad\u201d.<\/strong><\/h4>\n<p>Jos\u00e9 Luis Corral, escritor y Catedr\u00e1tico de Historia Medieval.<br \/>Presenta: Mar Rodr\u00edguez Vacas, periodista y escritora.<\/p>\n<h3><strong>Mi\u00e9rcoles, 4 de marzo<\/strong><\/h3>\n<h4>Debate <strong>\u201cAverroes y Maim\u00f3nides: paradigmas en tiempos convulsos\u201d.<\/strong><\/h4>\n<p>Intervienen:<br \/>Sebasti\u00e1n de la Obra, director de Casa de Sefarad, bibliotecario e historiador.<br \/>Manuel Pimentel, editor de Almuzara y escritor.<br \/>Modera: Mar\u00eda Jos\u00e9 Mart\u00ednez, periodista de la Cadena Ser.<\/p>\n<h3>\u00a0<strong>Jueves, 5 de marzo<\/strong><\/h3>\n<h4>Conferencia<strong> \u201cLa C\u00f3rdoba de Averroes\u201d.<\/strong><\/h4>\n<p>Jes\u00fas S\u00e1nchez Adalid, escritor y jurista.<br \/>Presenta: Matilde Cabello, poetisa y escritora.<\/p>\n<p>[\/et_pb_text][\/et_pb_column][\/et_pb_row][\/et_pb_section]<\/p>\n","protected":false},"excerpt":{"rendered":"<p>CICLO DE CONFERENCIASLA PALABRA ENCENDIDA. Averroes: puente, raz\u00f3n y ciudadDel 3 al 5 de marzo de 2026SAL\u00d3N DE ACTOS DE KUTXABANKAv. del Gran Capit\u00e1n, 13, 14008 C\u00f3rdoba19:30 h.Organiza: Ayuntamiento de C\u00f3rdoba. Delegaci\u00f3n de Cultura y Patrimonio Hist\u00f3ricoColabora: Junta de Andaluc\u00eda, Diputaci\u00f3n, UCO, Casa \u00c1rabe y Kutxabank &nbsp; La tercera edici\u00f3n del ciclo literario \u201cLa Palabra [&hellip;]<\/p>\n","protected":false},"author":1,"featured_media":0,"parent":0,"menu_order":0,"comment_status":"closed","ping_status":"closed","template":"","meta":{"_et_pb_use_builder":"on","_et_pb_old_content":"","_et_gb_content_width":"","footnotes":""},"class_list":["post-997","page","type-page","status-publish","hentry"],"_links":{"self":[{"href":"https:\/\/hurralab.net\/universoaverroes\/index.php\/wp-json\/wp\/v2\/pages\/997","targetHints":{"allow":["GET"]}}],"collection":[{"href":"https:\/\/hurralab.net\/universoaverroes\/index.php\/wp-json\/wp\/v2\/pages"}],"about":[{"href":"https:\/\/hurralab.net\/universoaverroes\/index.php\/wp-json\/wp\/v2\/types\/page"}],"author":[{"embeddable":true,"href":"https:\/\/hurralab.net\/universoaverroes\/index.php\/wp-json\/wp\/v2\/users\/1"}],"replies":[{"embeddable":true,"href":"https:\/\/hurralab.net\/universoaverroes\/index.php\/wp-json\/wp\/v2\/comments?post=997"}],"version-history":[{"count":8,"href":"https:\/\/hurralab.net\/universoaverroes\/index.php\/wp-json\/wp\/v2\/pages\/997\/revisions"}],"predecessor-version":[{"id":1284,"href":"https:\/\/hurralab.net\/universoaverroes\/index.php\/wp-json\/wp\/v2\/pages\/997\/revisions\/1284"}],"wp:attachment":[{"href":"https:\/\/hurralab.net\/universoaverroes\/index.php\/wp-json\/wp\/v2\/media?parent=997"}],"curies":[{"name":"wp","href":"https:\/\/api.w.org\/{rel}","templated":true}]}}