{"id":1426,"date":"2026-03-23T15:17:31","date_gmt":"2026-03-23T14:17:31","guid":{"rendered":"https:\/\/hurralab.net\/universoaverroes\/?page_id=1426"},"modified":"2026-03-23T17:36:27","modified_gmt":"2026-03-23T16:36:27","slug":"talleres-creativos-en-torno-a-ibn-rushd-averroes-900-anos-de-pensamiento-desde-cordoba","status":"publish","type":"page","link":"https:\/\/hurralab.net\/universoaverroes\/index.php\/talleres-creativos-en-torno-a-ibn-rushd-averroes-900-anos-de-pensamiento-desde-cordoba\/","title":{"rendered":"Talleres creativos en torno a Ibn Rushd (Averroes): 900 a\u00f1os de pensamiento desde C\u00f3rdoba"},"content":{"rendered":"<p>[et_pb_section fb_built=\u00bb1&#8243; fullwidth=\u00bbon\u00bb _builder_version=\u00bb4.27.6&#8243; background_color=\u00bb#f3b176&#8243; background_image=\u00bbhttps:\/\/hurralab.net\/universoaverroes\/wp-content\/uploads\/2026\/03\/cabecera-3.png\u00bb background_size=\u00bbcustom\u00bb background_image_width=\u00bb56%\u00bb background_image_height=\u00bb0%\u00bb background_position=\u00bbcenter_right\u00bb background_horizontal_offset=\u00bb0%\u00bb background_blend=\u00bbmultiply\u00bb global_module=\u00bb218&#8243; global_colors_info=\u00bb{}\u00bb][et_pb_fullwidth_header title=\u00bb@ET-DC@eyJkeW5hbWljIjp0cnVlLCJjb250ZW50IjoicG9zdF90aXRsZSIsInNldHRpbmdzIjp7ImJlZm9yZSI6IiIsImFmdGVyIjoiIn19@\u00bb subhead=\u00bbUNIVERSO AVERROES \u00bb content_max_width=\u00bbnone\u00bb _builder_version=\u00bb4.27.6&#8243; _dynamic_attributes=\u00bbtitle\u00bb title_text_color=\u00bb#ffffff\u00bb subhead_font=\u00bb|600|||||||\u00bb subhead_text_color=\u00bb#FFFFFF\u00bb subhead_letter_spacing=\u00bb2px\u00bb background_color=\u00bbrgba(255, 255, 255, 0)\u00bb global_colors_info=\u00bb{}\u00bb button_one_text_size__hover_enabled=\u00bboff\u00bb button_two_text_size__hover_enabled=\u00bboff\u00bb button_one_text_color__hover_enabled=\u00bboff\u00bb button_two_text_color__hover_enabled=\u00bboff\u00bb button_one_border_width__hover_enabled=\u00bboff\u00bb button_two_border_width__hover_enabled=\u00bboff\u00bb button_one_border_color__hover_enabled=\u00bboff\u00bb button_two_border_color__hover_enabled=\u00bboff\u00bb button_one_border_radius__hover_enabled=\u00bboff\u00bb button_two_border_radius__hover_enabled=\u00bboff\u00bb button_one_letter_spacing__hover_enabled=\u00bboff\u00bb button_two_letter_spacing__hover_enabled=\u00bboff\u00bb button_one_bg_color__hover_enabled=\u00bboff\u00bb button_two_bg_color__hover_enabled=\u00bboff\u00bb][\/et_pb_fullwidth_header][\/et_pb_section][et_pb_section fb_built=\u00bb1&#8243; _builder_version=\u00bb4.27.6&#8243; _module_preset=\u00bbdefault\u00bb global_colors_info=\u00bb{}\u00bb][et_pb_row _builder_version=\u00bb4.27.6&#8243; _module_preset=\u00bbdefault\u00bb global_colors_info=\u00bb{}\u00bb][et_pb_column type=\u00bb4_4&#8243; _builder_version=\u00bb4.27.6&#8243; _module_preset=\u00bbdefault\u00bb global_colors_info=\u00bb{}\u00bb][et_pb_image src=\u00bbhttps:\/\/hurralab.net\/universoaverroes\/wp-content\/uploads\/2026\/03\/banner_actividades10.webp\u00bb title_text=\u00bbTalleres creativos en torno a Ibn Rushd (Averroes): 900 a\u00f1os de pensamiento desde C\u00f3rdoba\u00bb _builder_version=\u00bb4.27.6&#8243; _module_preset=\u00bbdefault\u00bb global_colors_info=\u00bb{}\u00bb][\/et_pb_image][\/et_pb_column][\/et_pb_row][\/et_pb_section][et_pb_section fb_built=\u00bb1&#8243; _builder_version=\u00bb4.27.6&#8243; _module_preset=\u00bbdefault\u00bb global_colors_info=\u00bb{}\u00bb][et_pb_row column_structure=\u00bb1_3,2_3&#8243; _builder_version=\u00bb4.27.6&#8243; _module_preset=\u00bbdefault\u00bb global_colors_info=\u00bb{}\u00bb][et_pb_column type=\u00bb1_3&#8243; _builder_version=\u00bb4.27.6&#8243; _module_preset=\u00bbdefault\u00bb global_colors_info=\u00bb{}\u00bb][et_pb_text _builder_version=\u00bb4.27.6&#8243; _module_preset=\u00bbdefault\u00bb text_letter_spacing=\u00bb2px\u00bb custom_margin=\u00bb||12px|||\u00bb animation_style=\u00bbslide\u00bb animation_direction=\u00bbleft\u00bb animation_duration=\u00bb1200ms\u00bb global_colors_info=\u00bb{}\u00bb]<\/p>\n<p>TALLERES<\/p>\n<p>[\/et_pb_text][et_pb_divider _builder_version=\u00bb4.27.6&#8243; _module_preset=\u00bbdefault\u00bb custom_margin=\u00bb||0px||false|false\u00bb animation_style=\u00bbslide\u00bb animation_direction=\u00bbleft\u00bb animation_duration=\u00bb1300ms\u00bb global_colors_info=\u00bb{}\u00bb][\/et_pb_divider][et_pb_text _builder_version=\u00bb4.27.6&#8243; _module_preset=\u00bbdefault\u00bb header_3_line_height=\u00bb1.3em\u00bb custom_margin=\u00bb||12px|||\u00bb animation_style=\u00bbslide\u00bb animation_direction=\u00bbleft\u00bb animation_duration=\u00bb1350ms\u00bb global_colors_info=\u00bb{}\u00bb]<\/p>\n<h3><strong>Talleres creativos en torno a Ibn Rushd (Averroes): 900 a\u00f1os de pensamiento desde C\u00f3rdoba<\/strong><\/h3>\n<p>[\/et_pb_text][et_pb_divider _builder_version=\u00bb4.27.6&#8243; _module_preset=\u00bbdefault\u00bb custom_margin=\u00bb||0px||false|false\u00bb animation_style=\u00bbslide\u00bb animation_direction=\u00bbleft\u00bb animation_duration=\u00bb1400ms\u00bb global_colors_info=\u00bb{}\u00bb][\/et_pb_divider][et_pb_text _builder_version=\u00bb4.27.6&#8243; _module_preset=\u00bbdefault\u00bb custom_margin=\u00bb||12px|||\u00bb animation_style=\u00bbslide\u00bb animation_direction=\u00bbleft\u00bb animation_duration=\u00bb1450ms\u00bb hover_enabled=\u00bb0&#8243; global_colors_info=\u00bb{}\u00bb sticky_enabled=\u00bb0&#8243;]<\/p>\n<p>Del 23 de abril al 19 de octubre de 2026<\/p>\n<p>[\/et_pb_text][et_pb_divider _builder_version=\u00bb4.27.6&#8243; _module_preset=\u00bbdefault\u00bb custom_margin=\u00bb||0px||false|false\u00bb animation_style=\u00bbslide\u00bb animation_direction=\u00bbleft\u00bb animation_duration=\u00bb1500ms\u00bb global_colors_info=\u00bb{}\u00bb][\/et_pb_divider][et_pb_text _builder_version=\u00bb4.27.6&#8243; _module_preset=\u00bbdefault\u00bb custom_margin=\u00bb||12px|||\u00bb animation_style=\u00bbslide\u00bb animation_direction=\u00bbleft\u00bb animation_duration=\u00bb1450ms\u00bb global_colors_info=\u00bb{}\u00bb]<\/p>\n<p>18:00 horas<\/p>\n<p>[\/et_pb_text][et_pb_divider _builder_version=\u00bb4.27.6&#8243; _module_preset=\u00bbdefault\u00bb custom_margin=\u00bb||0px||false|false\u00bb animation_style=\u00bbslide\u00bb animation_direction=\u00bbleft\u00bb animation_duration=\u00bb1500ms\u00bb global_colors_info=\u00bb{}\u00bb][\/et_pb_divider][et_pb_text _builder_version=\u00bb4.27.6&#8243; _module_preset=\u00bbdefault\u00bb custom_margin=\u00bb||12px|||\u00bb animation_style=\u00bbslide\u00bb animation_direction=\u00bbleft\u00bb animation_duration=\u00bb1450ms\u00bb global_colors_info=\u00bb{}\u00bb]<\/p>\n<p>\n4 euros: p\u00fablico general en la sede<br \/>\n3 euros pagos online, personas en situaci\u00f3n oficial de desempleo, estudiantes del Centro de Lengua de Casa \u00c1rabe y Carn\u00e9 Joven.<\/p>\n<p>Venta de entradas en nuestra p\u00e1gina web (en la informaci\u00f3n de cada taller), o en la sede de Casa \u00c1rabe en C\u00f3rdoba (en efectivo o con tarjeta de cr\u00e9dito).<\/p>\n<p>[\/et_pb_text][et_pb_divider _builder_version=\u00bb4.27.6&#8243; _module_preset=\u00bbdefault\u00bb custom_margin=\u00bb||0px||false|false\u00bb animation_style=\u00bbslide\u00bb animation_direction=\u00bbleft\u00bb animation_duration=\u00bb1500ms\u00bb global_colors_info=\u00bb{}\u00bb][\/et_pb_divider][et_pb_text _builder_version=\u00bb4.27.6&#8243; _module_preset=\u00bbdefault\u00bb custom_margin=\u00bb||12px|||\u00bb animation_style=\u00bbslide\u00bb animation_direction=\u00bbleft\u00bb animation_duration=\u00bb1550ms\u00bb global_colors_info=\u00bb{}\u00bb]<strong>CASA \u00c1RABE<\/strong>[\/et_pb_text][et_pb_text _builder_version=\u00bb4.27.6&#8243; _module_preset=\u00bbdefault\u00bb custom_margin=\u00bb||12px|||\u00bb animation_style=\u00bbslide\u00bb animation_direction=\u00bbleft\u00bb animation_duration=\u00bb1600ms\u00bb global_colors_info=\u00bb{}\u00bb]C. Samuel de los Santos y Gener, 9, 14003 C\u00f3rdoba[\/et_pb_text][et_pb_divider _builder_version=\u00bb4.27.6&#8243; _module_preset=\u00bbdefault\u00bb custom_margin=\u00bb||0px||false|false\u00bb animation_style=\u00bbslide\u00bb animation_direction=\u00bbleft\u00bb animation_duration=\u00bb1650ms\u00bb global_colors_info=\u00bb{}\u00bb][\/et_pb_divider][et_pb_button button_url=\u00bbhttps:\/\/richardctaylor.info\/2026-aaiwg-international-summer-conferences-at-cordoba-and-at-paris\/\u00bb button_text=\u00bbM\u00c1S INFORMACI\u00d3N\u00bb button_alignment=\u00bbleft\u00bb disabled_on=\u00bbon|on|on\u00bb _builder_version=\u00bb4.27.6&#8243; _module_preset=\u00bbdefault\u00bb custom_button=\u00bbon\u00bb button_text_size=\u00bb15px\u00bb button_border_color=\u00bb#f3933f\u00bb custom_margin=\u00bb5%||||false|false\u00bb animation_style=\u00bbslide\u00bb animation_direction=\u00bbleft\u00bb animation_duration=\u00bb2000ms\u00bb disabled=\u00bbon\u00bb global_colors_info=\u00bb{}\u00bb][\/et_pb_button][\/et_pb_column][et_pb_column type=\u00bb2_3&#8243; _builder_version=\u00bb4.27.6&#8243; _module_preset=\u00bbdefault\u00bb global_colors_info=\u00bb{}\u00bb][et_pb_text _builder_version=\u00bb4.27.6&#8243; _module_preset=\u00bbdefault\u00bb header_2_font=\u00bb|600|||||||\u00bb header_2_text_color=\u00bb#f3933f\u00bb header_2_font_size=\u00bb27px\u00bb header_2_line_height=\u00bb1.2em\u00bb header_3_font=\u00bb|600|||||||\u00bb header_3_text_color=\u00bb#636363&#8243; header_4_font=\u00bb|600|||||||\u00bb header_4_font_size=\u00bb20px\u00bb header_5_font=\u00bb|600|||||||\u00bb header_5_font_size=\u00bb22px\u00bb header_6_font_size=\u00bb22px\u00bb animation_style=\u00bbslide\u00bb animation_direction=\u00bbright\u00bb animation_duration=\u00bb1850ms\u00bb global_colors_info=\u00bb{}\u00bb]<\/p>\n<div class=\"programa-averroes\"><\/div>\n<div class=\"programa-averroes\"><\/div>\n<div class=\"programa-averroes\">\n<p>Con motivo del 900 aniversario del nacimiento de Ibn Rushd (Averroes), Casa \u00c1rabe organiza en su sede de C\u00f3rdoba un ciclo especial de talleres creativos desarrollados por SextoMario. Esta propuesta rinde homenaje a una de las figuras m\u00e1s universales de la ciudad, poniendo en valor su legado intelectual y su profunda conexi\u00f3n con C\u00f3rdoba como espacio de conocimiento, di\u00e1logo y transmisi\u00f3n cultural.<\/p>\n<p>Dirigidos a todos los p\u00fablicos, estos talleres combinan creaci\u00f3n art\u00edstica, artesan\u00eda y divulgaci\u00f3n hist\u00f3rica, invitando a los participantes a aproximarse a la figura de Averroes desde una perspectiva pr\u00e1ctica y experiencial. A trav\u00e9s de cada actividad, se recupera la memoria de una C\u00f3rdoba andalus\u00ed en la que florecieron la filosof\u00eda, la ciencia y las artes, y se reflexiona sobre la vigencia de estos saberes en la actualidad.<\/p>\n<p>Cada taller incorpora una narrativa que sit\u00faa a Ibn Rushd en su contexto cordob\u00e9s, evocando su vida, su pensamiento y su contribuci\u00f3n al desarrollo del conocimiento universal.<\/p>\n<p>&nbsp;<\/p>\n<p><strong>Propuesta de talleres<\/strong><\/p>\n<h2>1. Dibujando a Averroes: el sabio de C\u00f3rdoba<\/h2>\n<h3>Jueves | 23\/04\/2026 |18:00 h<\/h3>\n<p>En la actual calle Cairu\u00e1n se alza la escultura de Averroes, testimonio del reconocimiento de C\u00f3rdoba a uno de sus pensadores m\u00e1s ilustres. Este taller propone redescubrir su figura a trav\u00e9s del arte.<\/p>\n<p>Tras una introducci\u00f3n hist\u00f3rica sobre Ibn Rushd y su papel en la C\u00f3rdoba del siglo XII, los participantes realizar\u00e1n una interpretaci\u00f3n art\u00edstica de su retrato. A partir de una l\u00e1mina base, experimentar\u00e1n con acuarelas y t\u00e9cnicas pl\u00e1sticas para recrear al fil\u00f3sofo, conectando con su imagen como s\u00edmbolo del saber y la raz\u00f3n en al-\u00c1ndalus.<\/p>\n<p>&nbsp;<\/p>\n<h2>2. El boticario de Averroes: ciencia y medicina en C\u00f3rdoba<\/h2>\n<h3>Jueves|07\/05\/2026|18:00<\/h3>\n<p>Ibn Rushd no solo fue fil\u00f3sofo, sino tambi\u00e9n un destacado m\u00e9dico en la C\u00f3rdoba andalus\u00ed de \u00e9poca almohade. En este taller, los participantes recrear\u00e1n albarelos, recipientes utilizados en la farmacia medieval.<\/p>\n<p>Esta actividad conecta con la tradici\u00f3n cient\u00edfica de la ciudad, recordando c\u00f3mo el conocimiento m\u00e9dico formaba parte del d\u00eda a d\u00eda en la C\u00f3rdoba de Averroes, donde ciencia y pr\u00e1ctica conviv\u00edan al servicio de la sociedad.<\/p>\n<h2>3. El tiempo seg\u00fan Ibn Rushd: observando el cielo de C\u00f3rdoba<\/h2>\n<h3>Jueves|14\/05\/2026|18:00<\/h3>\n<p>La C\u00f3rdoba del siglo XII fue un centro de desarrollo cient\u00edfico donde disciplinas como la astronom\u00eda cobraron gran relevancia.<\/p>\n<p>En este taller, los participantes construir\u00e1n un reloj de sol inspirado en modelos andalus\u00edes, comprendiendo c\u00f3mo la observaci\u00f3n del cielo permit\u00eda medir el tiempo. La actividad evoca el valor que Ibn Rushd otorgaba a la raz\u00f3n y a la observaci\u00f3n como herramientas para entender el mundo.<\/p>\n<h2>4. Geometr\u00eda en al-\u00c1ndalus: el orden del pensamiento<\/h2>\n<h3>Jueves|11\/06\/2026|18:00<\/h3>\n<p>Los dise\u00f1os geom\u00e9tricos presentes en la arquitectura y el arte andalus\u00ed reflejan una concepci\u00f3n del mundo basada en el orden, la proporci\u00f3n y la l\u00f3gica.<\/p>\n<p>En este taller, los participantes crear\u00e1n composiciones inspiradas en azulejos andalus\u00edes, explorando patrones y simetr\u00edas. Esta pr\u00e1ctica conecta con el contexto intelectual en el que vivi\u00f3 Averroes, donde las matem\u00e1ticas y la filosof\u00eda compart\u00edan una misma b\u00fasqueda de armon\u00eda.<\/p>\n<h2>5. Aromas y saberes: la C\u00f3rdoba de los sentidos<\/h2>\n<h3>Jueves|08\/10\/2026|18:00<\/h3>\n<p>La C\u00f3rdoba de Ibn Rushd era un cruce de caminos donde circulaban especias, perfumes y conocimientos.<\/p>\n<p>En este taller sensorial, los participantes trabajar\u00e1n con aromas inspirados en al-\u00c1ndalus, evocando los intercambios culturales que tambi\u00e9n permitieron la difusi\u00f3n del pensamiento de Averroes por Europa. Una forma de acercarse al conocimiento a trav\u00e9s de los sentidos.<\/p>\n<h2>6. El \u00e1rbol del conocimiento: ra\u00edces de un pensamiento universal<\/h2>\n<h3>Jueves|29\/10\/2026|18:00<\/h3>\n<p>El pensamiento de Ibn Rushd conecta la filosof\u00eda cl\u00e1sica con el mundo medieval europeo, actuando como un puente entre culturas.<\/p>\n<p>En este taller, los participantes crear\u00e1n un \u00e1rbol simb\u00f3lico que representa la transmisi\u00f3n del saber, situando a Averroes como una de sus ramas fundamentales. La actividad invita a reflexionar sobre c\u00f3mo el conocimiento crece, se transforma y se comparte.<\/p>\n<h2>7. Pensar como un fil\u00f3sofo: juegos desde C\u00f3rdoba<\/h2>\n<h3>Jueves | 19\/11\/2026 | 18:00<\/h3>\n<p>La filosof\u00eda de Ibn Rushd defend\u00eda el uso de la raz\u00f3n para comprender la realidad.<\/p>\n<p>A trav\u00e9s de juegos inspirados en la tradici\u00f3n andalus\u00ed, este taller propone ejercitar la l\u00f3gica, la estrategia y la observaci\u00f3n. Una manera l\u00fadica de acercarse al pensamiento filos\u00f3fico desde la pr\u00e1ctica, evocando el esp\u00edritu cr\u00edtico que caracteriz\u00f3 a la C\u00f3rdoba de Averroes.<\/p>\n<p>&nbsp;<\/p>\n<h3>Informaci\u00f3n adicional<\/h3>\n<p>Todos los materiales necesarios para la realizaci\u00f3n de los talleres ser\u00e1n proporcionados por la organizaci\u00f3n y ser\u00e1n de uso individual.<\/p>\n<\/div>\n<p>[\/et_pb_text][\/et_pb_column][\/et_pb_row][\/et_pb_section]<\/p>\n","protected":false},"excerpt":{"rendered":"<p>TALLERESTalleres creativos en torno a Ibn Rushd (Averroes): 900 a\u00f1os de pensamiento desde C\u00f3rdobaDel 23 de abril al 19 de octubre de 202618:00 horas 4 euros: p\u00fablico general en la sede 3 euros pagos online, personas en situaci\u00f3n oficial de desempleo, estudiantes del Centro de Lengua de Casa \u00c1rabe y Carn\u00e9 Joven. Venta de entradas [&hellip;]<\/p>\n","protected":false},"author":1,"featured_media":0,"parent":0,"menu_order":0,"comment_status":"closed","ping_status":"closed","template":"","meta":{"_et_pb_use_builder":"on","_et_pb_old_content":"","_et_gb_content_width":"","footnotes":""},"class_list":["post-1426","page","type-page","status-publish","hentry"],"_links":{"self":[{"href":"https:\/\/hurralab.net\/universoaverroes\/index.php\/wp-json\/wp\/v2\/pages\/1426","targetHints":{"allow":["GET"]}}],"collection":[{"href":"https:\/\/hurralab.net\/universoaverroes\/index.php\/wp-json\/wp\/v2\/pages"}],"about":[{"href":"https:\/\/hurralab.net\/universoaverroes\/index.php\/wp-json\/wp\/v2\/types\/page"}],"author":[{"embeddable":true,"href":"https:\/\/hurralab.net\/universoaverroes\/index.php\/wp-json\/wp\/v2\/users\/1"}],"replies":[{"embeddable":true,"href":"https:\/\/hurralab.net\/universoaverroes\/index.php\/wp-json\/wp\/v2\/comments?post=1426"}],"version-history":[{"count":7,"href":"https:\/\/hurralab.net\/universoaverroes\/index.php\/wp-json\/wp\/v2\/pages\/1426\/revisions"}],"predecessor-version":[{"id":1440,"href":"https:\/\/hurralab.net\/universoaverroes\/index.php\/wp-json\/wp\/v2\/pages\/1426\/revisions\/1440"}],"wp:attachment":[{"href":"https:\/\/hurralab.net\/universoaverroes\/index.php\/wp-json\/wp\/v2\/media?parent=1426"}],"curies":[{"name":"wp","href":"https:\/\/api.w.org\/{rel}","templated":true}]}}