{"id":1017,"date":"2026-03-17T00:42:03","date_gmt":"2026-03-16T23:42:03","guid":{"rendered":"http:\/\/hurralab.net\/universoaverroes\/?page_id=1017"},"modified":"2026-03-19T01:59:29","modified_gmt":"2026-03-19T00:59:29","slug":"averroes-ibn-rushd-and-his-time","status":"publish","type":"page","link":"https:\/\/hurralab.net\/universoaverroes\/index.php\/averroes-ibn-rushd-and-his-time\/","title":{"rendered":"Averroes\/Ibn Rushd and His Time"},"content":{"rendered":"<p>[et_pb_section fb_built=\u00bb1&#8243; fullwidth=\u00bbon\u00bb _builder_version=\u00bb4.27.6&#8243; background_color=\u00bb#f3b176&#8243; background_image=\u00bbhttp:\/\/hurralab.net\/universoaverroes\/wp-content\/uploads\/2026\/03\/cabecera-3.png\u00bb background_size=\u00bbcustom\u00bb background_image_width=\u00bb56%\u00bb background_image_height=\u00bb0%\u00bb background_position=\u00bbcenter_right\u00bb background_horizontal_offset=\u00bb0%\u00bb background_blend=\u00bbmultiply\u00bb global_module=\u00bb218&#8243; global_colors_info=\u00bb{}\u00bb][et_pb_fullwidth_header title=\u00bb@ET-DC@eyJkeW5hbWljIjp0cnVlLCJjb250ZW50IjoicG9zdF90aXRsZSIsInNldHRpbmdzIjp7ImJlZm9yZSI6IiIsImFmdGVyIjoiIn19@\u00bb subhead=\u00bbUNIVERSO AVERROES \u00bb content_max_width=\u00bbnone\u00bb _builder_version=\u00bb4.27.6&#8243; _dynamic_attributes=\u00bbtitle\u00bb title_text_color=\u00bb#ffffff\u00bb subhead_font=\u00bb|600|||||||\u00bb subhead_text_color=\u00bb#FFFFFF\u00bb subhead_letter_spacing=\u00bb2px\u00bb background_color=\u00bbrgba(255, 255, 255, 0)\u00bb global_colors_info=\u00bb{}\u00bb button_one_text_size__hover_enabled=\u00bboff\u00bb button_two_text_size__hover_enabled=\u00bboff\u00bb button_one_text_color__hover_enabled=\u00bboff\u00bb button_two_text_color__hover_enabled=\u00bboff\u00bb button_one_border_width__hover_enabled=\u00bboff\u00bb button_two_border_width__hover_enabled=\u00bboff\u00bb button_one_border_color__hover_enabled=\u00bboff\u00bb button_two_border_color__hover_enabled=\u00bboff\u00bb button_one_border_radius__hover_enabled=\u00bboff\u00bb button_two_border_radius__hover_enabled=\u00bboff\u00bb button_one_letter_spacing__hover_enabled=\u00bboff\u00bb button_two_letter_spacing__hover_enabled=\u00bboff\u00bb button_one_bg_color__hover_enabled=\u00bboff\u00bb button_two_bg_color__hover_enabled=\u00bboff\u00bb][\/et_pb_fullwidth_header][\/et_pb_section][et_pb_section fb_built=\u00bb1&#8243; _builder_version=\u00bb4.27.6&#8243; _module_preset=\u00bbdefault\u00bb global_colors_info=\u00bb{}\u00bb][et_pb_row _builder_version=\u00bb4.27.6&#8243; _module_preset=\u00bbdefault\u00bb global_colors_info=\u00bb{}\u00bb][et_pb_column type=\u00bb4_4&#8243; _builder_version=\u00bb4.27.6&#8243; _module_preset=\u00bbdefault\u00bb global_colors_info=\u00bb{}\u00bb][et_pb_image src=\u00bbhttp:\/\/hurralab.net\/universoaverroes\/wp-content\/uploads\/2026\/03\/congreso-internacional.webp\u00bb title_text=\u00bbcongreso-internacional\u00bb _builder_version=\u00bb4.27.6&#8243; _module_preset=\u00bbdefault\u00bb global_colors_info=\u00bb{}\u00bb][\/et_pb_image][\/et_pb_column][\/et_pb_row][\/et_pb_section][et_pb_section fb_built=\u00bb1&#8243; _builder_version=\u00bb4.27.6&#8243; _module_preset=\u00bbdefault\u00bb global_colors_info=\u00bb{}\u00bb][et_pb_row column_structure=\u00bb1_3,2_3&#8243; _builder_version=\u00bb4.27.6&#8243; _module_preset=\u00bbdefault\u00bb global_colors_info=\u00bb{}\u00bb][et_pb_column type=\u00bb1_3&#8243; _builder_version=\u00bb4.27.6&#8243; _module_preset=\u00bbdefault\u00bb global_colors_info=\u00bb{}\u00bb][et_pb_text _builder_version=\u00bb4.27.6&#8243; _module_preset=\u00bbdefault\u00bb text_letter_spacing=\u00bb2px\u00bb custom_margin=\u00bb||12px|||\u00bb animation_style=\u00bbslide\u00bb animation_direction=\u00bbleft\u00bb animation_duration=\u00bb1200ms\u00bb global_colors_info=\u00bb{}\u00bb]<\/p>\n<p>CONGRESO INTERNACIONAL<\/p>\n<p>[\/et_pb_text][et_pb_divider _builder_version=\u00bb4.27.6&#8243; _module_preset=\u00bbdefault\u00bb custom_margin=\u00bb||0px||false|false\u00bb animation_style=\u00bbslide\u00bb animation_direction=\u00bbleft\u00bb animation_duration=\u00bb1300ms\u00bb global_colors_info=\u00bb{}\u00bb][\/et_pb_divider][et_pb_text _builder_version=\u00bb4.27.6&#8243; _module_preset=\u00bbdefault\u00bb header_3_line_height=\u00bb1.3em\u00bb custom_margin=\u00bb||12px|||\u00bb animation_style=\u00bbslide\u00bb animation_direction=\u00bbleft\u00bb animation_duration=\u00bb1350ms\u00bb global_colors_info=\u00bb{}\u00bb]<\/p>\n<h3><strong> Averroes\/Ibn Rushd, Intellectual and His Time:<br \/>\nInternational Conference Commemorating the Ninth Century of His Birth<\/strong><\/h3>\n<p>[\/et_pb_text][et_pb_divider _builder_version=\u00bb4.27.6&#8243; _module_preset=\u00bbdefault\u00bb custom_margin=\u00bb||0px||false|false\u00bb animation_style=\u00bbslide\u00bb animation_direction=\u00bbleft\u00bb animation_duration=\u00bb1400ms\u00bb global_colors_info=\u00bb{}\u00bb][\/et_pb_divider][et_pb_text _builder_version=\u00bb4.27.6&#8243; _module_preset=\u00bbdefault\u00bb custom_margin=\u00bb||12px|||\u00bb animation_style=\u00bbslide\u00bb animation_direction=\u00bbleft\u00bb animation_duration=\u00bb1450ms\u00bb global_colors_info=\u00bb{}\u00bb]<\/p>\n<p>Del 27 al 29 de abril de 2026<\/p>\n<p>[\/et_pb_text][et_pb_divider _builder_version=\u00bb4.27.6&#8243; _module_preset=\u00bbdefault\u00bb custom_margin=\u00bb||0px||false|false\u00bb animation_style=\u00bbslide\u00bb animation_direction=\u00bbleft\u00bb animation_duration=\u00bb1500ms\u00bb global_colors_info=\u00bb{}\u00bb][\/et_pb_divider][et_pb_text _builder_version=\u00bb4.27.6&#8243; _module_preset=\u00bbdefault\u00bb custom_margin=\u00bb||12px|||\u00bb animation_style=\u00bbslide\u00bb animation_direction=\u00bbleft\u00bb animation_duration=\u00bb1550ms\u00bb global_colors_info=\u00bb{}\u00bb]<strong>CASA \u00c1RABE<\/strong>[\/et_pb_text][et_pb_text _builder_version=\u00bb4.27.6&#8243; _module_preset=\u00bbdefault\u00bb custom_margin=\u00bb||12px|||\u00bb animation_style=\u00bbslide\u00bb animation_direction=\u00bbleft\u00bb animation_duration=\u00bb1600ms\u00bb global_colors_info=\u00bb{}\u00bb]C. Samuel de los Santos y Gener, 9, 14003 C\u00f3rdoba[\/et_pb_text][et_pb_divider _builder_version=\u00bb4.27.6&#8243; _module_preset=\u00bbdefault\u00bb custom_margin=\u00bb||0px||false|false\u00bb animation_style=\u00bbslide\u00bb animation_direction=\u00bbleft\u00bb animation_duration=\u00bb1650ms\u00bb global_colors_info=\u00bb{}\u00bb][\/et_pb_divider][et_pb_button button_url=\u00bbhttp:\/\/hurralab.net\/universoaverroes\/wp-content\/uploads\/2026\/03\/2_diptico_programa-A4.pdf\u00bb button_text=\u00bbDESCARGAR PROGRAMA\u00bb button_alignment=\u00bbleft\u00bb _builder_version=\u00bb4.27.6&#8243; _module_preset=\u00bbdefault\u00bb custom_button=\u00bbon\u00bb button_text_size=\u00bb15px\u00bb button_border_color=\u00bb#f3933f\u00bb custom_margin=\u00bb5%||||false|false\u00bb animation_style=\u00bbslide\u00bb animation_direction=\u00bbleft\u00bb animation_duration=\u00bb2000ms\u00bb hover_enabled=\u00bb0&#8243; global_colors_info=\u00bb{}\u00bb sticky_enabled=\u00bb0&#8243;][\/et_pb_button][et_pb_button button_url=\u00bbhttp:\/\/hurralab.net\/universoaverroes\/wp-content\/uploads\/2026\/03\/2_BOOKLET_OF_SUMMARIES.pdf\u00bb button_text=\u00bbDESCARGAR RES\u00daMENES\u00bb button_alignment=\u00bbleft\u00bb _builder_version=\u00bb4.27.6&#8243; _module_preset=\u00bbdefault\u00bb custom_button=\u00bbon\u00bb button_text_size=\u00bb15px\u00bb button_border_color=\u00bb#f3933f\u00bb custom_margin=\u00bb5%||||false|false\u00bb animation_style=\u00bbslide\u00bb animation_direction=\u00bbleft\u00bb animation_duration=\u00bb2000ms\u00bb hover_enabled=\u00bb0&#8243; global_colors_info=\u00bb{}\u00bb sticky_enabled=\u00bb0&#8243;][\/et_pb_button][et_pb_image src=\u00bbhttp:\/\/hurralab.net\/universoaverroes\/wp-content\/uploads\/2026\/03\/cartel-generico-Conferencia-1-baja-resol.webp\u00bb _builder_version=\u00bb4.27.6&#8243; _module_preset=\u00bbdefault\u00bb title_text=\u00bbAverroes\/Ibn Rushd, Intellectual and His Time: International Conference Commemorating the Ninth Century of His Birth\u00bb animation_style=\u00bbslide\u00bb animation_direction=\u00bbleft\u00bb animation_duration=\u00bb2000ms\u00bb hover_enabled=\u00bb0&#8243; sticky_enabled=\u00bb0&#8243; show_in_lightbox=\u00bbon\u00bb][\/et_pb_image][\/et_pb_column][et_pb_column type=\u00bb2_3&#8243; _builder_version=\u00bb4.27.6&#8243; _module_preset=\u00bbdefault\u00bb global_colors_info=\u00bb{}\u00bb][et_pb_text _builder_version=\u00bb4.27.6&#8243; _module_preset=\u00bbdefault\u00bb header_2_font=\u00bb|600|||||||\u00bb header_2_text_color=\u00bb#f3933f\u00bb header_2_font_size=\u00bb27px\u00bb header_3_font=\u00bb|600|||||||\u00bb header_3_text_color=\u00bb#636363&#8243; header_4_font=\u00bb|600|||||||\u00bb header_4_font_size=\u00bb20px\u00bb header_5_font=\u00bb|600|||||||\u00bb header_5_font_size=\u00bb22px\u00bb header_6_font_size=\u00bb22px\u00bb animation_style=\u00bbslide\u00bb animation_direction=\u00bbright\u00bb animation_duration=\u00bb1850ms\u00bb global_colors_info=\u00bb{}\u00bb]<\/p>\n<h2>Monday 27<\/h2>\n<p><strong>9:30 \u2013 10:00<\/strong> Delivery of materials<br \/>Welcome address<\/p>\n<p>&nbsp;<\/p>\n<h3>First Session<\/h3>\n<h4>Ibn Rushd in the Juridical and Legal-Theoretical Milieu<\/h4>\n<p><strong>Chair:<\/strong> Maribel Fierro (CSIC, Madrid)<\/p>\n<p><strong>10:00 \u2013 10:30<\/strong> Delfina Serrano Ruano (CSIC, Madrid)<\/p>\n<p>Averroes and his Family: The Making fan \u2018Independent Legal Scholar\u2019<\/p>\n<p><strong>10:30 \u2013 11:00<\/strong> Cristina Cerami (SPHERE-CNRS, Paris)<\/p>\n<p>Averroes, the Commentator? Neo Aristotelianism as Juridical Hermeneutics<\/p>\n<p><strong>11:00 \u2013 11:30<\/strong> Coffee Break<\/p>\n<p><strong>11:30 \u2013 12:00<\/strong> Mourad Laabdi (Qatar University)<\/p>\n<p>Negotiating Ikhtil\u0101f and Ijm\u0101\u02bf: Ibn Rushd\u2019s Bid\u0101yat al-Mujtahid and the Almohads\u2019 Quest for Consensus<\/p>\n<p><strong>12:00 \u2013 12:30<\/strong> Kurnaz, Serdar (Humboldt University, Germany)<\/p>\n<p>Ibn Rushd\u2019s Legal Reasoning and Philosophy of Law: A Case Study on Rib\u0101 in Bid\u0101yat al-Mujtahid<\/p>\n<p><strong>12:30 \u2013 13:30<\/strong> Discussion<\/p>\n<p><strong>13:45<\/strong> Lunch<\/p>\n<p>&nbsp;<\/p>\n<h3>Second Session<\/h3>\n<h4>Ibn Rushd\u2019s Engagement with Kal\u0101m and Logic<\/h4>\n<p><strong>Chair:<\/strong> Thomas Burman (University of Notre Dame, Indiana, USA)<\/p>\n<p><strong>16:30 &#8211; 17:00<\/strong> Jos\u00e9 Bellver (CSIC-Escuela de Estudios \u00c1rabes, Granada):<\/p>\n<p>Concepts of ta\u02bew\u012bl in al-Andalus and the Maghrib during the Almoravid and Almohad periods<\/p>\n<p><strong>17:00 \u2013 17:30<\/strong> Coffee Break<\/p>\n<p><strong>17:30 \u2013 18:00<\/strong> Mokdad Arfa Mensia (University of Tunis, Tunisian Academy of Sciences, Letters and Arts, Carthage)<\/p>\n<p>An Aberration of the Ash\u02bfarite Theory on the Vision of God According to Ibn Rushd<\/p>\n<p><strong>18:00 \u2013 18:30<\/strong> Fouad Ben Ahmed (Qarawiyyin University, Rabat, Morocco)<\/p>\n<p>Reassessing Ibn Rushd\u2019s Theological Critique: From al-Ghaz\u0101l\u012b to al-Juwayn\u012b\u201d.<\/p>\n<p><strong>18:30 \u2013 19:00<\/strong> Charles E. Butterworth (University of Maryland, USA)<\/p>\n<p>Ta\u1e63d\u012bq and Ta\u1e63awwur in Averroes\u2019 Logical Thought<\/p>\n<p><strong>19:00 \u2013 20:00<\/strong> Discussion<\/p>\n<p><strong>20:15<\/strong> Dinner<\/p>\n<p>&nbsp;<\/p>\n<h2>Tuesday 28<\/h2>\n<p>&nbsp;<\/p>\n<h3>Third Session<\/h3>\n<h4>Natural Philosophy and the Dialectics of Knowledge<\/h4>\n<p><strong>Chair:<\/strong> Fouad Ben Ahmed (Qarawiyyin University, Rabat)<\/p>\n<p><strong>10:00 \u2013 10:30<\/strong> Catarina Belo (American University, Cairo)<\/p>\n<p>Averroes on Infinity in the Long Commentary on Aristotle\u2019s Physics<\/p>\n<p><strong>10:30 \u2013 11:00<\/strong> Stephen Ogden (University of Notre Dame, Indiana, USA)<\/p>\n<p>Averroes on Abstraction: Tradition, Avicenna, and Influence<\/p>\n<p><strong>11:00 \u2013 11:30<\/strong> Coffee Break<\/p>\n<p><strong>11:30 \u2013 12:00<\/strong> Richard C. Taylor (Marquette University, Milwakee, Wisconsin, USA)<\/p>\n<p>Philosophy in Dialectical Context: Understanding Ibn Rushd\u2019s Methodology in the Tah\u0101fut al-tah\u0101fut<\/p>\n<p><strong>12:00 \u2013 13:00<\/strong> Discussion<\/p>\n<p><strong>13:15<\/strong> Lunch<\/p>\n<p>&nbsp;<\/p>\n<h3>Fourth Session<\/h3>\n<h4>Ibn Rushd and the Scientific Traditions<\/h4>\n<p><strong>Chair:<\/strong> Catarina Belo (American University, Cairo)<\/p>\n<p><strong>16:00 &#8211; 16:30<\/strong> Forcada, Miquel (Universitat de Barcelona)<\/p>\n<p>The sciences of the Ancients in the time of Ibn Rushd<\/p>\n<p><strong>16:30 \u2013 17:00<\/strong> Marc Moyon (Universit\u00e9 de Limoges, France)<\/p>\n<p>Mathematics Across Cultures: The Intellectual Context of Ibn Rushd\u2019s Era<\/p>\n<p><strong>17:00 \u2013 17:30<\/strong> Jo\u00ebl Chandelier (University of Lausanne, Switzerland)<\/p>\n<p>Averroes on Practical Medicine<\/p>\n<p><strong>17:30 \u2013 18:00<\/strong> Coffee Break<\/p>\n<p><strong>18:00 \u2013 18:30<\/strong> Danielle Jacquart (\u00c9cole Pratique des Hautes Etudes, Paris)<\/p>\n<p>Averroes as a Reader of Avicenna\u2019s Medical Works<\/p>\n<p><strong>18:30 \u2013 19:00<\/strong> Luis Xavier L\u00f3pez Farjeat (Universidad Panamericana, M\u00e9xico DC)<\/p>\n<p>Averroes on Medical Crises and Critical Days in al-Kulliyy\u0101t<\/p>\n<p><strong>19:00 \u2013 20:00<\/strong> Discussion<\/p>\n<p><strong>20:15<\/strong> Dinner<\/p>\n<p>&nbsp;<\/p>\n<h2>Wednesday 29<\/h2>\n<p>&nbsp;<\/p>\n<h3>Fifth Session<\/h3>\n<h4>Perspectives, Reception, and Transmission<\/h4>\n<p><strong>Chair:<\/strong> Charles E. Butterworth (University of Maryland)<\/p>\n<p><strong>10:00 \u2013 10:30<\/strong> Maribel Fierro (CSIC, Madrid):<\/p>\n<p>Averroes\u2019 Remarks on Contemporary Politics<\/p>\n<p><strong>10:30 \u2013 11:00<\/strong> Yoav Meyrav (Universit\u00e4t Hamburg, Deutschland)<\/p>\n<p>Averroes Hebraicus: State of the Art and Future Directions<\/p>\n<p><strong>11:00 \u2013 11:30<\/strong> Coffee Break<\/p>\n<p><strong>11:30 \u2013 12:00<\/strong> Burman, Thomas (University of Notre Dame, Indiana, USA)<\/p>\n<p>How Ramon Marti Read his Ibn Rushd<\/p>\n<p><strong>12:00 \u2013 12:30<\/strong> Pablo Montosa (Universitat de Barcelona)<\/p>\n<p>Translating Ibn Rushd, Translating Averroes. Some Examples and Reflections<\/p>\n<p><strong>12:30 \u2013 13:30<\/strong> Discussion<\/p>\n<p><strong>13:45<\/strong> Farewell Lunch<\/p>\n<p>[\/et_pb_text][\/et_pb_column][\/et_pb_row][\/et_pb_section]<\/p>\n","protected":false},"excerpt":{"rendered":"<p>CONGRESO INTERNACIONAL Averroes\/Ibn Rushd, Intellectual and His Time: International Conference Commemorating the Ninth Century of His BirthDel 27 al 29 de abril de 2026CASA \u00c1RABEC. Samuel de los Santos y Gener, 9, 14003 C\u00f3rdobaMonday 27 9:30 \u2013 10:00 Delivery of materialsWelcome address &nbsp; First Session Ibn Rushd in the Juridical and Legal-Theoretical Milieu Chair: Maribel [&hellip;]<\/p>\n","protected":false},"author":1,"featured_media":0,"parent":0,"menu_order":0,"comment_status":"closed","ping_status":"closed","template":"","meta":{"_et_pb_use_builder":"on","_et_pb_old_content":"","_et_gb_content_width":"","footnotes":""},"class_list":["post-1017","page","type-page","status-publish","hentry"],"_links":{"self":[{"href":"https:\/\/hurralab.net\/universoaverroes\/index.php\/wp-json\/wp\/v2\/pages\/1017","targetHints":{"allow":["GET"]}}],"collection":[{"href":"https:\/\/hurralab.net\/universoaverroes\/index.php\/wp-json\/wp\/v2\/pages"}],"about":[{"href":"https:\/\/hurralab.net\/universoaverroes\/index.php\/wp-json\/wp\/v2\/types\/page"}],"author":[{"embeddable":true,"href":"https:\/\/hurralab.net\/universoaverroes\/index.php\/wp-json\/wp\/v2\/users\/1"}],"replies":[{"embeddable":true,"href":"https:\/\/hurralab.net\/universoaverroes\/index.php\/wp-json\/wp\/v2\/comments?post=1017"}],"version-history":[{"count":10,"href":"https:\/\/hurralab.net\/universoaverroes\/index.php\/wp-json\/wp\/v2\/pages\/1017\/revisions"}],"predecessor-version":[{"id":1124,"href":"https:\/\/hurralab.net\/universoaverroes\/index.php\/wp-json\/wp\/v2\/pages\/1017\/revisions\/1124"}],"wp:attachment":[{"href":"https:\/\/hurralab.net\/universoaverroes\/index.php\/wp-json\/wp\/v2\/media?parent=1017"}],"curies":[{"name":"wp","href":"https:\/\/api.w.org\/{rel}","templated":true}]}}